{"id":6,"date":"2023-06-05T14:38:45","date_gmt":"2023-06-05T14:38:45","guid":{"rendered":"http:\/\/bsic.pl\/?page_id=6"},"modified":"2024-02-02T14:59:21","modified_gmt":"2024-02-02T14:59:21","slug":"oferta","status":"publish","type":"page","link":"https:\/\/bsic.pl\/?page_id=6","title":{"rendered":"Oferta"},"content":{"rendered":"\r\n<h2 style=\"text-align: center;\">INWESTOR ZAST\u0118PCZY, DORADZTWO BUDOWLANE<\/h2>\r\n<p><strong>Firma BSI Construction z uwagi na fakt zatrudniania wykfalifikowanej, do\u015bwiadczonej kadry in\u017cynierskiej, posiadaj\u0105cej wymagane uprawnienia wykonawcze oraz w\u0142asnego biura projektowego oferuje dla naszych klient\u00f3w r\u00f3wnie\u017c prowadzenie inwestycji w zakresie instytucji \u201eInwestora Zast\u0119pczego\u201d, szerokorozumianych us\u0142ug prowadzenia nadzoru i doradztwa budowlanego prowadzonych inwestycji.<\/strong><\/p>\r\n<p>&nbsp;<\/p>\r\n<p>W ramach powy\u017cszych us\u0142ug oferu jemy kompleksow\u0105 obs\u0142ug\u0119 inwestycyjn\u0105 w zakresie : doradztwa \u201ejak przebrn\u0105\u0107 przez formalno\u015bci urz\u0119dowe\u201d, pomoc w uzyskaniu funduszy unijnych, zajmujemy si\u0119 przygotowaniem koncepcji i projekt\u00f3w wraz z uzyskaniem pozwolenia na budow\u0119, przygotowujemy dokumentacje przetargowe i kosztorysy; prowadzimy nadz\u00f3r Inwestorski na wszystkich etapach realizacji, a\u017c do urz\u0119dowych odbior\u00f3w.<\/p>\r\n","protected":false},"excerpt":{"rendered":"<p>INWESTOR ZAST\u0118PCZY, DORADZTWO BUDOWLANE Firma BSI Construction z uwagi na fakt zatrudniania wykfalifikowanej, do\u015bwiadczonej kadry in\u017cynierskiej, posiadaj\u0105cej wymagane uprawnienia wykonawcze oraz w\u0142asnego biura projektowego oferuje dla naszych klient\u00f3w r\u00f3wnie\u017c prowadzenie inwestycji w zakresie instytucji \u201eInwestora Zast\u0119pczego\u201d, szerokorozumianych us\u0142ug prowadzenia nadzoru i doradztwa budowlanego prowadzonych inwestycji. &nbsp; W ramach powy\u017cszych us\u0142ug oferu jemy kompleksow\u0105 obs\u0142ug\u0119 inwestycyjn\u0105 [&hellip;]<\/p>\n","protected":false},"author":1,"featured_media":0,"parent":0,"menu_order":0,"comment_status":"closed","ping_status":"closed","template":"page-oferta.php","meta":{"footnotes":""},"acf":[],"_links":{"self":[{"href":"https:\/\/bsic.pl\/index.php?rest_route=\/wp\/v2\/pages\/6"}],"collection":[{"href":"https:\/\/bsic.pl\/index.php?rest_route=\/wp\/v2\/pages"}],"about":[{"href":"https:\/\/bsic.pl\/index.php?rest_route=\/wp\/v2\/types\/page"}],"author":[{"embeddable":true,"href":"https:\/\/bsic.pl\/index.php?rest_route=\/wp\/v2\/users\/1"}],"replies":[{"embeddable":true,"href":"https:\/\/bsic.pl\/index.php?rest_route=%2Fwp%2Fv2%2Fcomments&post=6"}],"version-history":[{"count":0,"href":"https:\/\/bsic.pl\/index.php?rest_route=\/wp\/v2\/pages\/6\/revisions"}],"wp:attachment":[{"href":"https:\/\/bsic.pl\/index.php?rest_route=%2Fwp%2Fv2%2Fmedia&parent=6"}],"curies":[{"name":"wp","href":"https:\/\/api.w.org\/{rel}","templated":true}]}}